{"id":1933,"date":"2020-04-30T16:09:34","date_gmt":"2020-04-30T16:09:34","guid":{"rendered":"https:\/\/vigomezcomercializadora.com\/home?page_id=1933"},"modified":"2021-08-28T03:22:33","modified_gmt":"2021-08-28T03:22:33","slug":"noticias","status":"publish","type":"page","link":"https:\/\/vigomezcomercializadora.com\/home\/noticias\/","title":{"rendered":"Noticias"},"content":{"rendered":"\t\t<div data-elementor-type=\"wp-page\" data-elementor-id=\"1933\" class=\"elementor elementor-1933\">\n\t\t\t\t\t\t<section class=\"elementor-section elementor-top-section elementor-element elementor-element-0294db9 elementor-section-stretched elementor-section-full_width elementor-section-height-default elementor-section-height-default\" data-id=\"0294db9\" data-element_type=\"section\" data-settings=\"{&quot;stretch_section&quot;:&quot;section-stretched&quot;}\">\n\t\t\t\t\t\t<div class=\"elementor-container elementor-column-gap-default\">\n\t\t\t\t\t<div class=\"elementor-column elementor-col-100 elementor-top-column elementor-element elementor-element-0554918\" data-id=\"0554918\" data-element_type=\"column\">\n\t\t\t<div class=\"elementor-widget-wrap elementor-element-populated\">\n\t\t\t\t\t\t<div class=\"elementor-element elementor-element-2e02f05 elementor-widget elementor-widget-shelder_blog\" data-id=\"2e02f05\" data-element_type=\"widget\" data-widget_type=\"shelder_blog.default\">\n\t\t\t\t<div class=\"elementor-widget-container\">\n\t\t\t\t\t\t\t\t<section class=\"news-section\">\n\t<div class=\"auto-container\">\n\t\t\t\t<div class=\"three-item-carousel owl-carousel owl-theme owl-dots-none owl-nav-none\">\n\t\t\t\t\t\t\t\t\n\t\t\t\t\t\t<div class=\"news-block-one\">\n\t\t\t\t\t\t\t<div class=\"inner-box\">\n\t\t\t\t\t\t\t\t\t\t\t\t\t<figure class=\"image-box\">\n\t\t\t\t\t\t<img fetchpriority=\"high\" decoding=\"async\" width=\"370\" height=\"250\" src=\"https:\/\/vigomezcomercializadora.com\/home\/wp-content\/uploads\/2021\/07\/1-2-1-370x250.jpg\" class=\"attachment-shelder-blog-grid size-shelder-blog-grid wp-post-image\" alt=\"\" \/>\t\t\t\t\t\t\t\t\t<a href=\"https:\/\/vigomezcomercializadora.com\/home\/2021\/09\/06\/comercio_global\/\" class=\"link\"><i class=\"fas fa-link\"><\/i><\/a>\n\t\t\t\t\t\t\t\t\t\t\t\t\t\t\t<div class=\"category\"><p><i class=\"far fa-folder\"><\/i>\n\t\t\t\t\t\t\tNoticias\t\t\t\t\t\t\t\t\t<\/p><\/div>\n\t\t\t\t\t\t\t\t\t\t\t\t\t\t<\/figure>\n\t\t\t\t\t\t\t\t\t\t\t\t\t<div class=\"lower-content\">\n\t\t\t\t\t\t\t\t\t<div class=\"upper-box\">\n\t\t\t\t\t\t\t\t\t\t<h3><a href=\"https:\/\/vigomezcomercializadora.com\/home\/2021\/09\/06\/comercio_global\/\">Comercio global, en \u2018jaque\u2019 por escasez y alto costo de contenedores<\/a><\/h3>\n\t\t\t\t\t\t\t\t\t\t<ul class=\"post-info clearfix\">\n\t\t\t\t\t\t\t\t\t\t\t<li><i class=\"far fa-calendar\"><\/i>Sep 06, 2021<\/li>\n\t\t\t\t\t\t\t\t\t\t\t<li><i class=\"far fa-user\"><\/i><a href=\"https:\/\/vigomezcomercializadora.com\/home\/2021\/09\/06\/comercio_global\/\">administrador<\/a><\/li>\n\t\t\t\t\t\t\t\t\t\t<\/ul>\n\t\t\t\t\t<p>\u00cdndice SFCI, que mide el valor de las rutas a China, ha crecido 530 % desde 2019. Llevar uno de estos de Colombia a ese pa\u00eds hoy sale por US$15.000. \u201cLa situaci\u00f3n de los contenedores es mala porque la evoluci\u00f3n del comercio global es buena\u201d. Esta frase, que hace unos meses habr\u00eda sido celebrada por <span>&#8230;<\/span><\/p>\n\t\t\t\t\t\t\t\t\t<\/div>\n\t\t\t\t\t\t\t\t\t<div class=\"lower-box clearfix\">\n\t\t\t\t\t\t\t\t\t\t<div class=\"comment-box pull-left\">\n\t\t\t\t\t\t\t\t\t\t\t<p><i class=\"far fa-comment-alt\"><\/i><a href=\"https:\/\/vigomezcomercializadora.com\/home\/2021\/09\/06\/comercio_global\/#respond\" >0 comments<\/a><\/p>\n\t\t\t\t\t\t\t\t\t\t<\/div>\n\t\t\t\t\t\t\t\t\t\t<div class=\"link-box pull-right\">\n\t\t\t\t\t\t\t\t\t\t\t<a href=\"https:\/\/vigomezcomercializadora.com\/home\/2021\/09\/06\/comercio_global\/\"><span>Ver...<\/span><i class=\"flaticon-login\"><\/i><\/a>\n\t\t\t\t\t\t\t\t\t\t<\/div>\n\t\t\t\t\t\t\t\t\t<\/div>\n\t\t\t\t\t\t\t\t<\/div>\n\t\t\t\t\t\t\t<\/div>\n\t\t\t\t\t\t<\/div>\n\t\t\t\t\t\t\t\t\t\t\n\t\t\t\t\t\t<div class=\"news-block-one\">\n\t\t\t\t\t\t\t<div class=\"inner-box\">\n\t\t\t\t\t\t\t\t\t\t\t\t\t<figure class=\"image-box\">\n\t\t\t\t\t\t<img decoding=\"async\" width=\"370\" height=\"250\" src=\"https:\/\/vigomezcomercializadora.com\/home\/wp-content\/uploads\/2021\/07\/1-4-370x250.jpg\" class=\"attachment-shelder-blog-grid size-shelder-blog-grid wp-post-image\" alt=\"\" \/>\t\t\t\t\t\t\t\t\t<a href=\"https:\/\/vigomezcomercializadora.com\/home\/2021\/09\/04\/how-to-find-roof-damage-after-heavy-wind\/\" class=\"link\"><i class=\"fas fa-link\"><\/i><\/a>\n\t\t\t\t\t\t\t\t\t\t\t\t\t\t\t<div class=\"category\"><p><i class=\"far fa-folder\"><\/i>\n\t\t\t\t\t\t\tNoticias\t\t\t\t\t\t\t\t\t<\/p><\/div>\n\t\t\t\t\t\t\t\t\t\t\t\t\t\t<\/figure>\n\t\t\t\t\t\t\t\t\t\t\t\t\t<div class=\"lower-content\">\n\t\t\t\t\t\t\t\t\t<div class=\"upper-box\">\n\t\t\t\t\t\t\t\t\t\t<h3><a href=\"https:\/\/vigomezcomercializadora.com\/home\/2021\/09\/04\/how-to-find-roof-damage-after-heavy-wind\/\">Crisis mar\u00edtima en puertos de China y EE.UU. cuadruplic\u00f3 los precios de los fletes<\/a><\/h3>\n\t\t\t\t\t\t\t\t\t\t<ul class=\"post-info clearfix\">\n\t\t\t\t\t\t\t\t\t\t\t<li><i class=\"far fa-calendar\"><\/i>Sep 04, 2021<\/li>\n\t\t\t\t\t\t\t\t\t\t\t<li><i class=\"far fa-user\"><\/i><a href=\"https:\/\/vigomezcomercializadora.com\/home\/2021\/09\/04\/how-to-find-roof-damage-after-heavy-wind\/\">administrador<\/a><\/li>\n\t\t\t\t\t\t\t\t\t\t<\/ul>\n\t\t\t\t\t<p>Foresee the pain &#038; trouble that are bound too ensue equalidea off denouncing pleasure and praising pain was borncomplete account <\/p>\n\t\t\t\t\t\t\t\t\t<\/div>\n\t\t\t\t\t\t\t\t\t<div class=\"lower-box clearfix\">\n\t\t\t\t\t\t\t\t\t\t<div class=\"comment-box pull-left\">\n\t\t\t\t\t\t\t\t\t\t\t<p><i class=\"far fa-comment-alt\"><\/i><a href=\"https:\/\/vigomezcomercializadora.com\/home\/2021\/09\/04\/how-to-find-roof-damage-after-heavy-wind\/#respond\" >0 comments<\/a><\/p>\n\t\t\t\t\t\t\t\t\t\t<\/div>\n\t\t\t\t\t\t\t\t\t\t<div class=\"link-box pull-right\">\n\t\t\t\t\t\t\t\t\t\t\t<a href=\"https:\/\/vigomezcomercializadora.com\/home\/2021\/09\/04\/how-to-find-roof-damage-after-heavy-wind\/\"><span>Ver...<\/span><i class=\"flaticon-login\"><\/i><\/a>\n\t\t\t\t\t\t\t\t\t\t<\/div>\n\t\t\t\t\t\t\t\t\t<\/div>\n\t\t\t\t\t\t\t\t<\/div>\n\t\t\t\t\t\t\t<\/div>\n\t\t\t\t\t\t<\/div>\n\t\t\t\t\t\t\t\t\t\t\n\t\t\t\t\t\t<div class=\"news-block-one\">\n\t\t\t\t\t\t\t<div class=\"inner-box\">\n\t\t\t\t\t\t\t\t\t\t\t\t\t<figure class=\"image-box\">\n\t\t\t\t\t\t<img decoding=\"async\" width=\"370\" height=\"250\" src=\"https:\/\/vigomezcomercializadora.com\/home\/wp-content\/uploads\/2021\/07\/333-1-990x610-1-370x250.png\" class=\"attachment-shelder-blog-grid size-shelder-blog-grid wp-post-image\" alt=\"\" \/>\t\t\t\t\t\t\t\t\t<a href=\"https:\/\/vigomezcomercializadora.com\/home\/2021\/08\/13\/patio_contenedores\/\" class=\"link\"><i class=\"fas fa-link\"><\/i><\/a>\n\t\t\t\t\t\t\t\t\t\t\t\t\t\t\t<div class=\"category\"><p><i class=\"far fa-folder\"><\/i>\n\t\t\t\t\t\t\tNoticias\t\t\t\t\t\t\t\t\t<\/p><\/div>\n\t\t\t\t\t\t\t\t\t\t\t\t\t\t<\/figure>\n\t\t\t\t\t\t\t\t\t\t\t\t\t<div class=\"lower-content\">\n\t\t\t\t\t\t\t\t\t<div class=\"upper-box\">\n\t\t\t\t\t\t\t\t\t\t<h3><a href=\"https:\/\/vigomezcomercializadora.com\/home\/2021\/08\/13\/patio_contenedores\/\">Problem\u00e1ticas en patios de contenedores y zonas portuarias<\/a><\/h3>\n\t\t\t\t\t\t\t\t\t\t<ul class=\"post-info clearfix\">\n\t\t\t\t\t\t\t\t\t\t\t<li><i class=\"far fa-calendar\"><\/i>Ago 13, 2021<\/li>\n\t\t\t\t\t\t\t\t\t\t\t<li><i class=\"far fa-user\"><\/i><a href=\"https:\/\/vigomezcomercializadora.com\/home\/2021\/08\/13\/patio_contenedores\/\">administrador<\/a><\/li>\n\t\t\t\t\t\t\t\t\t\t<\/ul>\n\t\t\t\t\t<p>Foresee the pain &#038; trouble that are bound too ensue equalidea off denouncing pleasure and praising pain was borncomplete account <\/p>\n\t\t\t\t\t\t\t\t\t<\/div>\n\t\t\t\t\t\t\t\t\t<div class=\"lower-box clearfix\">\n\t\t\t\t\t\t\t\t\t\t<div class=\"comment-box pull-left\">\n\t\t\t\t\t\t\t\t\t\t\t<p><i class=\"far fa-comment-alt\"><\/i><a href=\"https:\/\/vigomezcomercializadora.com\/home\/2021\/08\/13\/patio_contenedores\/#respond\" >0 comments<\/a><\/p>\n\t\t\t\t\t\t\t\t\t\t<\/div>\n\t\t\t\t\t\t\t\t\t\t<div class=\"link-box pull-right\">\n\t\t\t\t\t\t\t\t\t\t\t<a href=\"https:\/\/vigomezcomercializadora.com\/home\/2021\/08\/13\/patio_contenedores\/\"><span>Ver...<\/span><i class=\"flaticon-login\"><\/i><\/a>\n\t\t\t\t\t\t\t\t\t\t<\/div>\n\t\t\t\t\t\t\t\t\t<\/div>\n\t\t\t\t\t\t\t\t<\/div>\n\t\t\t\t\t\t\t<\/div>\n\t\t\t\t\t\t<\/div>\n\t\t\t\t\t\t\t\t\t\t\n\t\t\t\t\t\t<div class=\"news-block-one\">\n\t\t\t\t\t\t\t<div class=\"inner-box\">\n\t\t\t\t\t\t\t\t\t\t\t\t\t<figure class=\"image-box\">\n\t\t\t\t\t\t<img loading=\"lazy\" decoding=\"async\" width=\"370\" height=\"250\" src=\"https:\/\/vigomezcomercializadora.com\/home\/wp-content\/uploads\/2021\/08\/dolar-370x250.jpg\" class=\"attachment-shelder-blog-grid size-shelder-blog-grid wp-post-image\" alt=\"\" \/>\t\t\t\t\t\t\t\t\t<a href=\"https:\/\/vigomezcomercializadora.com\/home\/2021\/08\/10\/dolar_supero_la_barrera\/\" class=\"link\"><i class=\"fas fa-link\"><\/i><\/a>\n\t\t\t\t\t\t\t\t\t\t\t\t\t\t\t<div class=\"category\"><p><i class=\"far fa-folder\"><\/i>\n\t\t\t\t\t\t\tNoticias\t\t\t\t\t\t\t\t\t<\/p><\/div>\n\t\t\t\t\t\t\t\t\t\t\t\t\t\t<\/figure>\n\t\t\t\t\t\t\t\t\t\t\t\t\t<div class=\"lower-content\">\n\t\t\t\t\t\t\t\t\t<div class=\"upper-box\">\n\t\t\t\t\t\t\t\t\t\t<h3><a href=\"https:\/\/vigomezcomercializadora.com\/home\/2021\/08\/10\/dolar_supero_la_barrera\/\">El d\u00f3lar super\u00f3 la barrera de los 4.000 pesos<\/a><\/h3>\n\t\t\t\t\t\t\t\t\t\t<ul class=\"post-info clearfix\">\n\t\t\t\t\t\t\t\t\t\t\t<li><i class=\"far fa-calendar\"><\/i>Ago 10, 2021<\/li>\n\t\t\t\t\t\t\t\t\t\t\t<li><i class=\"far fa-user\"><\/i><a href=\"https:\/\/vigomezcomercializadora.com\/home\/2021\/08\/10\/dolar_supero_la_barrera\/\">administrador<\/a><\/li>\n\t\t\t\t\t\t\t\t\t\t<\/ul>\n\t\t\t\t\t<p>El d\u00f3lar\u00a0en Colombia contin\u00faa al alza. Seg\u00fan la plataforma Set-Fx, la divisa estadounidense super\u00f3 esta ma\u00f1ana la barrera de los\u00a04.000 pesos. un registro que no se presentaba desde abril del a\u00f1o pasado.<\/p>\n\t\t\t\t\t\t\t\t\t<\/div>\n\t\t\t\t\t\t\t\t\t<div class=\"lower-box clearfix\">\n\t\t\t\t\t\t\t\t\t\t<div class=\"comment-box pull-left\">\n\t\t\t\t\t\t\t\t\t\t\t<p><i class=\"far fa-comment-alt\"><\/i><a href=\"https:\/\/vigomezcomercializadora.com\/home\/2021\/08\/10\/dolar_supero_la_barrera\/#respond\" >0 comments<\/a><\/p>\n\t\t\t\t\t\t\t\t\t\t<\/div>\n\t\t\t\t\t\t\t\t\t\t<div class=\"link-box pull-right\">\n\t\t\t\t\t\t\t\t\t\t\t<a href=\"https:\/\/vigomezcomercializadora.com\/home\/2021\/08\/10\/dolar_supero_la_barrera\/\"><span>Ver...<\/span><i class=\"flaticon-login\"><\/i><\/a>\n\t\t\t\t\t\t\t\t\t\t<\/div>\n\t\t\t\t\t\t\t\t\t<\/div>\n\t\t\t\t\t\t\t\t<\/div>\n\t\t\t\t\t\t\t<\/div>\n\t\t\t\t\t\t<\/div>\n\t\t\t\t\t\t\t\t\t\t\n\t\t\t\t\t\t<div class=\"news-block-one\">\n\t\t\t\t\t\t\t<div class=\"inner-box\">\n\t\t\t\t\t\t\t\t\t\t\t\t\t<figure class=\"image-box\">\n\t\t\t\t\t\t<img loading=\"lazy\" decoding=\"async\" width=\"370\" height=\"250\" src=\"https:\/\/vigomezcomercializadora.com\/home\/wp-content\/uploads\/2021\/08\/333-2-370x250.png\" class=\"attachment-shelder-blog-grid size-shelder-blog-grid wp-post-image\" alt=\"\" \/>\t\t\t\t\t\t\t\t\t<a href=\"https:\/\/vigomezcomercializadora.com\/home\/2021\/08\/09\/recargos_congestion\/\" class=\"link\"><i class=\"fas fa-link\"><\/i><\/a>\n\t\t\t\t\t\t\t\t\t\t\t\t\t\t\t<div class=\"category\"><p><i class=\"far fa-folder\"><\/i>\n\t\t\t\t\t\t\tNoticias\t\t\t\t\t\t\t\t\t<\/p><\/div>\n\t\t\t\t\t\t\t\t\t\t\t\t\t\t<\/figure>\n\t\t\t\t\t\t\t\t\t\t\t\t\t<div class=\"lower-content\">\n\t\t\t\t\t\t\t\t\t<div class=\"upper-box\">\n\t\t\t\t\t\t\t\t\t\t<h3><a href=\"https:\/\/vigomezcomercializadora.com\/home\/2021\/08\/09\/recargos_congestion\/\">Nuevos recargos por congesti\u00f3n: \u00bfOtra forma de incrementar las tarifas del transporte mar\u00edtimo de contenedores?<\/a><\/h3>\n\t\t\t\t\t\t\t\t\t\t<ul class=\"post-info clearfix\">\n\t\t\t\t\t\t\t\t\t\t\t<li><i class=\"far fa-calendar\"><\/i>Ago 09, 2021<\/li>\n\t\t\t\t\t\t\t\t\t\t\t<li><i class=\"far fa-user\"><\/i><a href=\"https:\/\/vigomezcomercializadora.com\/home\/2021\/08\/09\/recargos_congestion\/\">administrador<\/a><\/li>\n\t\t\t\t\t\t\t\t\t\t<\/ul>\n\t\t\t\t\t<p>Adem\u00e1s, preocupa amenaza de cierre del puerto de Shangh\u00e1i por rebrotes de Covid-19.<\/p>\n\t\t\t\t\t\t\t\t\t<\/div>\n\t\t\t\t\t\t\t\t\t<div class=\"lower-box clearfix\">\n\t\t\t\t\t\t\t\t\t\t<div class=\"comment-box pull-left\">\n\t\t\t\t\t\t\t\t\t\t\t<p><i class=\"far fa-comment-alt\"><\/i><a href=\"https:\/\/vigomezcomercializadora.com\/home\/2021\/08\/09\/recargos_congestion\/#respond\" >0 comments<\/a><\/p>\n\t\t\t\t\t\t\t\t\t\t<\/div>\n\t\t\t\t\t\t\t\t\t\t<div class=\"link-box pull-right\">\n\t\t\t\t\t\t\t\t\t\t\t<a href=\"https:\/\/vigomezcomercializadora.com\/home\/2021\/08\/09\/recargos_congestion\/\"><span>Ver...<\/span><i class=\"flaticon-login\"><\/i><\/a>\n\t\t\t\t\t\t\t\t\t\t<\/div>\n\t\t\t\t\t\t\t\t\t<\/div>\n\t\t\t\t\t\t\t\t<\/div>\n\t\t\t\t\t\t\t<\/div>\n\t\t\t\t\t\t<\/div>\n\t\t\t\t\t\t\t\t\t\t\n\t\t\t\t\t\t<div class=\"news-block-one\">\n\t\t\t\t\t\t\t<div class=\"inner-box\">\n\t\t\t\t\t\t\t\t\t\t\t\t\t<figure class=\"image-box\">\n\t\t\t\t\t\t<img loading=\"lazy\" decoding=\"async\" width=\"370\" height=\"250\" src=\"https:\/\/vigomezcomercializadora.com\/home\/wp-content\/uploads\/2019\/11\/222-15-990x516-1-370x250.png\" class=\"attachment-shelder-blog-grid size-shelder-blog-grid wp-post-image\" alt=\"\" \/>\t\t\t\t\t\t\t\t\t<a href=\"https:\/\/vigomezcomercializadora.com\/home\/2021\/08\/07\/suministros_mundiales\/\" class=\"link\"><i class=\"fas fa-link\"><\/i><\/a>\n\t\t\t\t\t\t\t\t\t\t\t\t\t\t\t<div class=\"category\"><p><i class=\"far fa-folder\"><\/i>\n\t\t\t\t\t\t\tNoticias\t\t\t\t\t\t\t\t\t<\/p><\/div>\n\t\t\t\t\t\t\t\t\t\t\t\t\t\t<\/figure>\n\t\t\t\t\t\t\t\t\t\t\t\t\t<div class=\"lower-content\">\n\t\t\t\t\t\t\t\t\t<div class=\"upper-box\">\n\t\t\t\t\t\t\t\t\t\t<h3><a href=\"https:\/\/vigomezcomercializadora.com\/home\/2021\/08\/07\/suministros_mundiales\/\">Las cadenas de suministro mundiales se tambalean por la variante Delta y las cat\u00e1strofes clim\u00e1ticas<\/a><\/h3>\n\t\t\t\t\t\t\t\t\t\t<ul class=\"post-info clearfix\">\n\t\t\t\t\t\t\t\t\t\t\t<li><i class=\"far fa-calendar\"><\/i>Ago 07, 2021<\/li>\n\t\t\t\t\t\t\t\t\t\t\t<li><i class=\"far fa-user\"><\/i><a href=\"https:\/\/vigomezcomercializadora.com\/home\/2021\/08\/07\/suministros_mundiales\/\">administrador<\/a><\/li>\n\t\t\t\t\t\t\t\t\t\t<\/ul>\n\t\t\t\t\t<p>Una nueva ola mundial de Covid-19, desastres naturales en China y Alemania, y un ciberataque dirigido a los principales puertos sudafricanos han conspirado para empujar a las cadenas de suministro mundiales a un punto de quiebre, amenazando el fr\u00e1gil flujo de commodities, piezas y bienes de consumo, reporta Reuters.<\/p>\n\t\t\t\t\t\t\t\t\t<\/div>\n\t\t\t\t\t\t\t\t\t<div class=\"lower-box clearfix\">\n\t\t\t\t\t\t\t\t\t\t<div class=\"comment-box pull-left\">\n\t\t\t\t\t\t\t\t\t\t\t<p><i class=\"far fa-comment-alt\"><\/i><a href=\"https:\/\/vigomezcomercializadora.com\/home\/2021\/08\/07\/suministros_mundiales\/#respond\" >0 comments<\/a><\/p>\n\t\t\t\t\t\t\t\t\t\t<\/div>\n\t\t\t\t\t\t\t\t\t\t<div class=\"link-box pull-right\">\n\t\t\t\t\t\t\t\t\t\t\t<a href=\"https:\/\/vigomezcomercializadora.com\/home\/2021\/08\/07\/suministros_mundiales\/\"><span>Ver...<\/span><i class=\"flaticon-login\"><\/i><\/a>\n\t\t\t\t\t\t\t\t\t\t<\/div>\n\t\t\t\t\t\t\t\t\t<\/div>\n\t\t\t\t\t\t\t\t<\/div>\n\t\t\t\t\t\t\t<\/div>\n\t\t\t\t\t\t<\/div>\n\t\t\t\t\t\t\t<\/div>\n\t<\/div>\n<\/section>\n\t\t\t\t\t\t\t\t<\/div>\n\t\t\t\t<\/div>\n\t\t\t\t\t<\/div>\n\t\t<\/div>\n\t\t\t\t\t<\/div>\n\t\t<\/section>\n\t\t\t\t<\/div>\n\t\t","protected":false},"excerpt":{"rendered":"<p>Noticias El d\u00f3lar super\u00f3 la barrera de los 4.000 pesos Ago 10, 2021 administrador El d\u00f3lar&nbsp;en Colombia contin\u00faa al alza. Seg\u00fan la plataforma Set-Fx, la divisa estadounidense super\u00f3 esta ma\u00f1ana la barrera de los&nbsp;4.000 pesos. un registro que no se presentaba desde abril del a\u00f1o pasado. 1 comment Ver&#8230; Noticias Nuevos recargos por congesti\u00f3n: \u00bfOtra <span>&#8230;<\/span><\/p>\n","protected":false},"author":1,"featured_media":0,"parent":0,"menu_order":0,"comment_status":"closed","ping_status":"closed","template":"","meta":{"footnotes":""},"class_list":["post-1933","page","type-page","status-publish","hentry"],"_links":{"self":[{"href":"https:\/\/vigomezcomercializadora.com\/home\/wp-json\/wp\/v2\/pages\/1933","targetHints":{"allow":["GET"]}}],"collection":[{"href":"https:\/\/vigomezcomercializadora.com\/home\/wp-json\/wp\/v2\/pages"}],"about":[{"href":"https:\/\/vigomezcomercializadora.com\/home\/wp-json\/wp\/v2\/types\/page"}],"author":[{"embeddable":true,"href":"https:\/\/vigomezcomercializadora.com\/home\/wp-json\/wp\/v2\/users\/1"}],"replies":[{"embeddable":true,"href":"https:\/\/vigomezcomercializadora.com\/home\/wp-json\/wp\/v2\/comments?post=1933"}],"version-history":[{"count":8,"href":"https:\/\/vigomezcomercializadora.com\/home\/wp-json\/wp\/v2\/pages\/1933\/revisions"}],"predecessor-version":[{"id":3475,"href":"https:\/\/vigomezcomercializadora.com\/home\/wp-json\/wp\/v2\/pages\/1933\/revisions\/3475"}],"wp:attachment":[{"href":"https:\/\/vigomezcomercializadora.com\/home\/wp-json\/wp\/v2\/media?parent=1933"}],"curies":[{"name":"wp","href":"https:\/\/api.w.org\/{rel}","templated":true}]}}