{"id":3,"date":"2021-07-31T18:31:03","date_gmt":"2021-07-31T18:31:03","guid":{"rendered":"https:\/\/vigomezcomercializadora.com\/home\/?page_id=3"},"modified":"2021-09-01T01:44:38","modified_gmt":"2021-09-01T01:44:38","slug":"politica-de-privacidad","status":"publish","type":"page","link":"https:\/\/vigomezcomercializadora.com\/home\/politica-de-privacidad\/","title":{"rendered":"Pol\u00edtica de Privacidad"},"content":{"rendered":"\t\t<div data-elementor-type=\"wp-page\" data-elementor-id=\"3\" class=\"elementor elementor-3\">\n\t\t\t\t\t\t<section class=\"elementor-section elementor-top-section elementor-element elementor-element-ae42477 elementor-section-boxed elementor-section-height-default elementor-section-height-default\" data-id=\"ae42477\" data-element_type=\"section\">\n\t\t\t\t\t\t<div class=\"elementor-container elementor-column-gap-default\">\n\t\t\t\t\t<div class=\"elementor-column elementor-col-100 elementor-top-column elementor-element elementor-element-1fa6845a\" data-id=\"1fa6845a\" data-element_type=\"column\">\n\t\t\t<div class=\"elementor-widget-wrap elementor-element-populated\">\n\t\t\t\t\t\t<div class=\"elementor-element elementor-element-39ef4992 elementor-widget elementor-widget-text-editor\" data-id=\"39ef4992\" data-element_type=\"widget\" data-widget_type=\"text-editor.default\">\n\t\t\t\t<div class=\"elementor-widget-container\">\n\t\t\t\t\t\t\t\t\t<p><\/p>\n<h2 class=\"wp-block-heading\">\u00a0<\/h2>\n<h2>Pol\u00edticas de Tratamiento de Datos Personales<\/h2>\n<div>\u00a0<\/div>\n<p><\/p>\n<p><\/p>\n<p><\/p>\n<p><\/p>\n<p><\/p>\n<p>Apreciado Cliente La Empresa; <strong>VIGOMEZ COMERCIALIZADORA S.A.S<\/strong>, legal mente constituida, cuenta con sus datos actuales en la base de datos privada. Informaci\u00f3n que es de uso exclusivo para la relaci\u00f3n comercial vinculante; a trav\u00e9s de ella se involucran acciones de mercadeo, publicidad, estudios, encuestas y entre otros propios de la actividad mercantil; para la empresa hace manejo de bases de datos y de informaci\u00f3n seg\u00fan lo rige la norma, podr\u00e1 utilizar los medios tecnol\u00f3gicos existentes y actuales para \u00e9l envi\u00f3 de la informaci\u00f3n ya referida, la misma que tendr\u00e1 el car\u00e1cter de confidencial, por lo que no revelar\u00e1 y \/ o compartir\u00e1 a otras empresas. Lo anterior acorde a la ley colombiana de manejo y uso de informaci\u00f3n, tratamiento de datos y de privacidad.<\/p>\n<p><strong class=\"privacy-policy-tutorial\">\u00a0<\/strong><\/p>\n<p><\/p>\n<p><\/p>\n<p>Ley 1581 de 2012 y el Decreto 1377 de 2013, que regulan el R\u00e9gimen General de Protecci\u00f3n de Datos Personales. Asimismo, la norma le permite ejercer sus derechos a conocer, actualizar, rectificar y solicitar la supresi\u00f3n de sus datos personales en cualquier momento, por lo que todos nuestros comunicados (masivos y \/ o individuales) son abiertos a dicho tratamiento, dejando a su disposici\u00f3n como medio de contacto nuestro correo electr\u00f3nico; <b>info@vigomezcomercializadora.com<\/b> ,con el fin de actualizar la informaci\u00f3n ya contenida en la Base de Datos, solicitamos de su pronta colaboraci\u00f3n en el diligenciamiento de \u00e9ste formato, en el cual podr\u00e1 indicar su decisi\u00f3n en cuanto al manejo de sus datos personales. En el caso de no recibir notificaci\u00f3n alguna dentro de un plazo de QUINCE (15) d\u00edas calendario nuestra empresa; <b>VIGOMEZ COMERCIALIZADORA S.A.S<\/b>, tomara como base de datos de su propiedad para envi\u00f3 de informaci\u00f3n, promociones u otros sus datos o los de su empresa., entender\u00e1 que est\u00e1 autorizando de manera inequ\u00edvoca, para continuar con el tratamiento de sus datos.<\/p>\n<p>\u00a0<\/p>\n<p>\u00a0<\/p>\n<p>La Empresa; <b>VIGOMEZ COMERCIALIZADORA S.A.S<\/b>, tiene el derecho de almacena, y recolecta datos personales para crear bases. Para dicho uso se requiere obtener su autorizaci\u00f3n para que de manera libre, previa, expresa, voluntaria, y debidamente informada, permita a todas los departamentos entre ellos: (investigaci\u00f3n, Prevenci\u00f3n, Jur\u00eddico, Comercial), recolectar, recaudar, almacenar, usar, circular, suprimir, procesar, compilar, intercambiar, dar tratamiento, e informaci\u00f3n, actualizar y disponer de los datos que han sido suministrados y que se han incorporado en distintas bases o bancos de datos, o en repositorios electr\u00f3nicos de todo tipo con que cuenta nuestra empresa; <b>VIGOMEZ COMERCIALIZADORA S.A.S <\/b>, Esta informaci\u00f3n es propiedad de nuestra empresa, ser\u00e1 utilizada en el desarrollo de las funciones propias de la organizaci\u00f3n de forma directa o a trav\u00e9s de terceros sea para publicidad o en uso informativo.<\/p>\n<p><\/p>\n<p><\/p>\n<h2 class=\"wp-block-heading\"><span style=\"color: #5a5a68; font-family: Muli, sans-serif; font-size: 16px;\">\u00a0<\/span><\/h2>\n<p><\/p>\n<p><\/p>\n<p>La empresa; <b>VIGOMEZ COMERCIALIZADORA S.A.S<\/b>, que cumple con las normas y en los t\u00e9rminos dispuestos por el Art\u00edculo 10 del Decreto 1377 de 2013 queda autorizada de manera expresa e inequ\u00edvoca para mantener y manejar toda su informaci\u00f3n, a no ser que Usted le manifieste lo contrario de manera directa, expresa, inequ\u00edvoca y por escrito dentro de los treinta (30) d\u00edas contados a partir de la recepci\u00f3n de la presente comunicaci\u00f3n a la cuenta de correo electr\u00f3nico dispuesta para tal efecto: <b>info@vigomezcomercializadora.com<\/b><\/p>\n<p>\u00a0<\/p>\n<p><\/p>\n<p><\/p>\n<p>\u00a0<\/p>\n<p>Consiento y autorizo de manera expresa e inequ\u00edvoca que mis datos personales sean tratados conforme a lo previsto en el presente documento. En el evento en que usted considere que La Empresa; <b>VIGOMEZ COMERCIALIZADORA S.A.S.<\/b> Dio un uso contrario al autorizado y a las leyes aplicables, podr\u00e1 contactarnos a trav\u00e9s de una comunicaci\u00f3n Al correo electr\u00f3nico; <b>info@vigomezcomercializadora.com<\/b><\/p>\n<p>\u00a0<\/p>\n<p>\u00a0<\/p>\n<p>\u00a0<\/p>\n<p>\u00a0<\/p>\n<p><\/p>\t\t\t\t\t\t\t\t<\/div>\n\t\t\t\t<\/div>\n\t\t\t\t\t<\/div>\n\t\t<\/div>\n\t\t\t\t\t<\/div>\n\t\t<\/section>\n\t\t\t\t<\/div>\n\t\t","protected":false},"excerpt":{"rendered":"<p>\u00a0 Pol\u00edticas de Tratamiento de Datos Personales \u00a0 Apreciado Cliente La Empresa; VIGOMEZ COMERCIALIZADORA S.A.S, legal mente constituida, cuenta con sus datos actuales en la base de datos privada. Informaci\u00f3n que es de uso exclusivo para la relaci\u00f3n comercial vinculante; a trav\u00e9s de ella se involucran acciones de mercadeo, publicidad, estudios, encuestas y entre otros <span>&#8230;<\/span><\/p>\n","protected":false},"author":1,"featured_media":0,"parent":0,"menu_order":0,"comment_status":"closed","ping_status":"open","template":"","meta":{"footnotes":""},"class_list":["post-3","page","type-page","status-publish","hentry"],"_links":{"self":[{"href":"https:\/\/vigomezcomercializadora.com\/home\/wp-json\/wp\/v2\/pages\/3","targetHints":{"allow":["GET"]}}],"collection":[{"href":"https:\/\/vigomezcomercializadora.com\/home\/wp-json\/wp\/v2\/pages"}],"about":[{"href":"https:\/\/vigomezcomercializadora.com\/home\/wp-json\/wp\/v2\/types\/page"}],"author":[{"embeddable":true,"href":"https:\/\/vigomezcomercializadora.com\/home\/wp-json\/wp\/v2\/users\/1"}],"replies":[{"embeddable":true,"href":"https:\/\/vigomezcomercializadora.com\/home\/wp-json\/wp\/v2\/comments?post=3"}],"version-history":[{"count":31,"href":"https:\/\/vigomezcomercializadora.com\/home\/wp-json\/wp\/v2\/pages\/3\/revisions"}],"predecessor-version":[{"id":3771,"href":"https:\/\/vigomezcomercializadora.com\/home\/wp-json\/wp\/v2\/pages\/3\/revisions\/3771"}],"wp:attachment":[{"href":"https:\/\/vigomezcomercializadora.com\/home\/wp-json\/wp\/v2\/media?parent=3"}],"curies":[{"name":"wp","href":"https:\/\/api.w.org\/{rel}","templated":true}]}}