{"id":337,"date":"2020-03-29T07:22:16","date_gmt":"2020-03-29T07:22:16","guid":{"rendered":"http:\/\/localhost\/?page_id=337"},"modified":"2025-12-17T02:02:07","modified_gmt":"2025-12-17T02:02:07","slug":"nosotros","status":"publish","type":"page","link":"https:\/\/vigomezcomercializadora.com\/home\/nosotros\/","title":{"rendered":"Nosotros"},"content":{"rendered":"\t\t<div data-elementor-type=\"wp-page\" data-elementor-id=\"337\" class=\"elementor elementor-337\">\n\t\t\t\t\t\t<section class=\"elementor-section elementor-top-section elementor-element elementor-element-f29379c elementor-section-stretched elementor-section-full_width elementor-section-height-default elementor-section-height-default\" data-id=\"f29379c\" data-element_type=\"section\" data-settings=\"{&quot;stretch_section&quot;:&quot;section-stretched&quot;}\">\n\t\t\t\t\t\t<div class=\"elementor-container elementor-column-gap-default\">\n\t\t\t\t\t<div class=\"elementor-column elementor-col-100 elementor-top-column elementor-element elementor-element-a20df44\" data-id=\"a20df44\" data-element_type=\"column\">\n\t\t\t<div class=\"elementor-widget-wrap\">\n\t\t\t\t\t\t\t<\/div>\n\t\t<\/div>\n\t\t\t\t\t<\/div>\n\t\t<\/section>\n\t\t\t\t<section class=\"elementor-section elementor-top-section elementor-element elementor-element-9f3b418 elementor-section-stretched elementor-section-full_width elementor-section-height-default elementor-section-height-default\" data-id=\"9f3b418\" data-element_type=\"section\" data-settings=\"{&quot;stretch_section&quot;:&quot;section-stretched&quot;}\">\n\t\t\t\t\t\t<div class=\"elementor-container elementor-column-gap-default\">\n\t\t\t\t\t<div class=\"elementor-column elementor-col-100 elementor-top-column elementor-element elementor-element-dd9c27e\" data-id=\"dd9c27e\" data-element_type=\"column\">\n\t\t\t<div class=\"elementor-widget-wrap elementor-element-populated\">\n\t\t\t\t\t\t<div class=\"elementor-element elementor-element-e4aaa5b elementor-widget elementor-widget-about_element_2\" data-id=\"e4aaa5b\" data-element_type=\"widget\" data-widget_type=\"about_element_2.default\">\n\t\t\t\t<div class=\"elementor-widget-container\">\n\t\t\t\t\t\n\n<section class=\"about-style-two about-page\">\n\t<div class=\"auto-container\">\n\t\t\t\t<figure class=\"image-layer\">\n\t\t\t<img fetchpriority=\"high\" decoding=\"async\" width=\"1170\" height=\"500\" src=\"https:\/\/vigomezcomercializadora.com\/home\/wp-content\/uploads\/2021\/08\/nosotros1.jpg\" class=\"attachment-full size-full\" alt=\"\" \/>\t\t<\/figure>\n\t\t\t\t\t<div class=\"upper-content\">\n\t\t\t<div class=\"row clearfix align-items-center\">\n\t\t\t\t<div class=\"col-lg-6 col-md-12 col-sm-12 content-column\">\n\t\t\t\t\t<div id=\"content_block_three\">\n\t\t\t\t\t\t<div class=\"content-box\">\n\t\t\t\t\t\t\t<div class=\"sec-title\">\n\t\t\t\t\t\t\t\t<h6><i class=\"flaticon-roof\"><\/i>Nuestra Empresa<\/h6>\n\t\t\t\t\t\t\t\t<h2>Vigomez Comercializadora Sas<\/span><\/h2>\n\t\t\t\t\t\t\t<\/div>\n\t\t\t\t\t\t\t<p>Fue constituida el 06 de septiembre de 2016, su experiencia est\u00e1 basada en la exportaci\u00f3n e importaciones de forma mar\u00edtima de insumos b\u00e1sicos para los mercados internaciones en distintas \u00e1reas comerciales como; Construcci\u00f3n, Agr\u00edcola, transacciones financieras, bienes inmuebles resaltando, las frutas y sus pulpas y abonos org\u00e1nicos.... \"\nNuestro valor agregado es el apalancamiento de las nuevas tecnolog\u00edas para incursionar en los mercados internacionales.\"<\/p>\n\t\t\t\t\t\t\t<a href=\"https:\/\/vigomezcomercializadora.com\/home\/nosotros\"\n\t\t\t\t\t\t\t\tclass=\"theme-btn\">Leer M\u00e1s...<i class=\"flaticon-login\"><\/i><\/a>\n\t\t\t\t\t\t<\/div>\n\t\t\t\t\t<\/div>\n\t\t\t\t<\/div>\n\t\t\t\t<div class=\"col-lg-6 col-md-12 col-sm-12 content-column\">\n\t\t\t\t\t<div id=\"content_block_four\">\n\t\t\t\t\t\t<div class=\"content-box\">\n\t\t\t\t\t\t\t<div class=\"text\">\n\t\t\t\t\t\t\t\t<p><em><strong>MISI\u00d3N<\/strong><\/em><br \/>Vigomez Comercializadora; es una empresa con experiencia en la exportaci\u00f3n de productos en la modalidad mar\u00edtima, contamos con la log\u00edstica y experiencia donde nuestros clientes saben y conocen la veracidad de la prestaci\u00f3n del servicio, incluyendo nuestro alcance para la conquista del mercado internacional y sus necesidades.<\/p><p><em><strong>VISI\u00d3N<\/strong><\/em><br \/>Nuestra empresa en el 2026 contara con y un amplio portafolio de clientes para ser reconocida en el mercado nacional e internacional como una marca de cumplimiento y calidad en la exportaci\u00f3n de sus productos en Colombia y el resto del mundo.<\/p>\t\t\t\t\t\t\t<\/div>\n\t\t\t\t\t\t\t<div class=\"author-box clearfix\">\n\t\t\t\t\t\t\t\t<div class=\"author-info\">\n\t\t\t\t\t\t\t\t\t<figure class=\"image-box\">\n\t\t\t\t\t\t\t\t\t\t\t\t\t\t\t\t\t\t<\/figure>\n\t\t\t\t\t\t\t\t\t<h3><\/h3>\n\t\t\t\t\t\t\t\t\t<span class=\"designation\"><\/span>\n\t\t\t\t\t\t\t\t<\/div>\n\t\t\t\t\t\t\t\t<figure class=\"author-signatur\">\n\t\t   \t\t\t\t\t\t\t\t<\/figure>\n\t\t\t\t\t\t\t<\/div>\n\t\t\t\t\t\t\t<div class=\"support-box\">\n\t\t\t\t\t\t\t\t<h4>\u00bfNecesitas ayuda?<\/h4>\n<p><a href=\"tel:+(57)3016505293\">+(57) 301 650 5293<\/a> [or] <a href=\"mailto:info@vigomezcomercializadora.com\">info@vigomezcomercializadora.com<\/a><\/p>\t\t\t\t\t\t\t<\/div>\n\t\t\t\t\t\t<\/div>\n\t\t\t\t\t<\/div>\n\t\t\t\t<\/div>\n\t\t\t<\/div>\n\t\t<\/div>\n\t\t<div class=\"lower-content\">\n\t\t\t<div class=\"row clearfix\">\n\t\t\n\t\t\t\t<div class=\"col-lg-3 col-md-6 col-sm-12 single-column\">\n\t\t\t\t\t<div class=\"single-item\">\n\t\t\t\t\t\t<div class=\"inner-box\">\n\t\t\t\t\t\t\t<div class=\"content-box\">\n\t\t\t\t\t\t\t\t<div class=\"icon-box\">\n\t\t\t\t\t\t\t\t\t<div class=\"line\"\n\t\t\t\t\t\t\t\t\t\tstyle=\"background-image: url(https:\/\/vigomezcomercializadora.com\/home\/wp-content\/plugins\/shelder-core\/assets\/images\/icons\/line-2.png);\">\n\t\t\t\t\t\t\t\t\t<\/div>\n\t\t\t<i aria-hidden=\"true\" class=\" flaticon-reward\"><\/i>\t\t\t\t\t\t\t\t<\/div>\n\t\t\t\t\t\t\t\t<h3><a href=\"#\">Amabilidad<\/a><\/h3>\n\t\t\t\t\t\t\t<\/div>\n\t\t\t\t\t\t\t<div class=\"overlay-box\">\n\t\t\t\t\t\t\t\t<div class=\"icon-box\">\n\t\t\t\t\t\t\t\t\t<div class=\"line\"\n\t\t\t\t\t\t\t\t\t\tstyle=\"background-image: url(https:\/\/vigomezcomercializadora.com\/home\/wp-content\/plugins\/shelder-core\/assets\/images\/icons\/line-1.png);\">\n\t\t\t\t\t\t\t\t\t<\/div>\n\t\t\t<i aria-hidden=\"true\" class=\" flaticon-reward\"><\/i>\t\t\t\t\t\t\t\t<\/div>\n\t\t\t\t\t\t\t\t<p>Nuestros Valores<\/p>\n\t\t\t\t\t\t\t\t<h3><a href=\"#\">Amabilidad<\/a><\/h3>\n\t\t\t\t\t\t\t<\/div>\n\t\t\t\t\t\t<\/div>\n\t\t\t\t\t<\/div>\n\t\t\t\t<\/div>\n\t\t\n\t\t\t\t<div class=\"col-lg-3 col-md-6 col-sm-12 single-column\">\n\t\t\t\t\t<div class=\"single-item\">\n\t\t\t\t\t\t<div class=\"inner-box\">\n\t\t\t\t\t\t\t<div class=\"content-box\">\n\t\t\t\t\t\t\t\t<div class=\"icon-box\">\n\t\t\t\t\t\t\t\t\t<div class=\"line\"\n\t\t\t\t\t\t\t\t\t\tstyle=\"background-image: url(https:\/\/vigomezcomercializadora.com\/home\/wp-content\/plugins\/shelder-core\/assets\/images\/icons\/line-2.png);\">\n\t\t\t\t\t\t\t\t\t<\/div>\n\t\t\t<i aria-hidden=\"true\" class=\" flaticon-vision\"><\/i>\t\t\t\t\t\t\t\t<\/div>\n\t\t\t\t\t\t\t\t<h3><a href=\"#\">Calidad<\/a><\/h3>\n\t\t\t\t\t\t\t<\/div>\n\t\t\t\t\t\t\t<div class=\"overlay-box\">\n\t\t\t\t\t\t\t\t<div class=\"icon-box\">\n\t\t\t\t\t\t\t\t\t<div class=\"line\"\n\t\t\t\t\t\t\t\t\t\tstyle=\"background-image: url(https:\/\/vigomezcomercializadora.com\/home\/wp-content\/plugins\/shelder-core\/assets\/images\/icons\/line-1.png);\">\n\t\t\t\t\t\t\t\t\t<\/div>\n\t\t\t<i aria-hidden=\"true\" class=\" flaticon-vision\"><\/i>\t\t\t\t\t\t\t\t<\/div>\n\t\t\t\t\t\t\t\t<p>Nuestros Valores<\/p>\n\t\t\t\t\t\t\t\t<h3><a href=\"#\">Calidad<\/a><\/h3>\n\t\t\t\t\t\t\t<\/div>\n\t\t\t\t\t\t<\/div>\n\t\t\t\t\t<\/div>\n\t\t\t\t<\/div>\n\t\t\n\t\t\t\t<div class=\"col-lg-3 col-md-6 col-sm-12 single-column\">\n\t\t\t\t\t<div class=\"single-item\">\n\t\t\t\t\t\t<div class=\"inner-box\">\n\t\t\t\t\t\t\t<div class=\"content-box\">\n\t\t\t\t\t\t\t\t<div class=\"icon-box\">\n\t\t\t\t\t\t\t\t\t<div class=\"line\"\n\t\t\t\t\t\t\t\t\t\tstyle=\"background-image: url(https:\/\/vigomezcomercializadora.com\/home\/wp-content\/plugins\/shelder-core\/assets\/images\/icons\/line-2.png);\">\n\t\t\t\t\t\t\t\t\t<\/div>\n\t\t\t<i aria-hidden=\"true\" class=\" flaticon-paper\"><\/i>\t\t\t\t\t\t\t\t<\/div>\n\t\t\t\t\t\t\t\t<h3><a href=\"#\">Conocimiento del Mercado<\/a><\/h3>\n\t\t\t\t\t\t\t<\/div>\n\t\t\t\t\t\t\t<div class=\"overlay-box\">\n\t\t\t\t\t\t\t\t<div class=\"icon-box\">\n\t\t\t\t\t\t\t\t\t<div class=\"line\"\n\t\t\t\t\t\t\t\t\t\tstyle=\"background-image: url(https:\/\/vigomezcomercializadora.com\/home\/wp-content\/plugins\/shelder-core\/assets\/images\/icons\/line-1.png);\">\n\t\t\t\t\t\t\t\t\t<\/div>\n\t\t\t<i aria-hidden=\"true\" class=\" flaticon-paper\"><\/i>\t\t\t\t\t\t\t\t<\/div>\n\t\t\t\t\t\t\t\t<p>Nuestros Valores<\/p>\n\t\t\t\t\t\t\t\t<h3><a href=\"#\">Conocimiento del Mercado<\/a><\/h3>\n\t\t\t\t\t\t\t<\/div>\n\t\t\t\t\t\t<\/div>\n\t\t\t\t\t<\/div>\n\t\t\t\t<\/div>\n\t\t\n\t\t\t\t<div class=\"col-lg-3 col-md-6 col-sm-12 single-column\">\n\t\t\t\t\t<div class=\"single-item\">\n\t\t\t\t\t\t<div class=\"inner-box\">\n\t\t\t\t\t\t\t<div class=\"content-box\">\n\t\t\t\t\t\t\t\t<div class=\"icon-box\">\n\t\t\t\t\t\t\t\t\t<div class=\"line\"\n\t\t\t\t\t\t\t\t\t\tstyle=\"background-image: url(https:\/\/vigomezcomercializadora.com\/home\/wp-content\/plugins\/shelder-core\/assets\/images\/icons\/line-2.png);\">\n\t\t\t\t\t\t\t\t\t<\/div>\n\t\t\t<i aria-hidden=\"true\" class=\" flaticon-user\"><\/i>\t\t\t\t\t\t\t\t<\/div>\n\t\t\t\t\t\t\t\t<h3><a href=\"#\">Puntualidad<\/a><\/h3>\n\t\t\t\t\t\t\t<\/div>\n\t\t\t\t\t\t\t<div class=\"overlay-box\">\n\t\t\t\t\t\t\t\t<div class=\"icon-box\">\n\t\t\t\t\t\t\t\t\t<div class=\"line\"\n\t\t\t\t\t\t\t\t\t\tstyle=\"background-image: url(https:\/\/vigomezcomercializadora.com\/home\/wp-content\/plugins\/shelder-core\/assets\/images\/icons\/line-1.png);\">\n\t\t\t\t\t\t\t\t\t<\/div>\n\t\t\t<i aria-hidden=\"true\" class=\" flaticon-user\"><\/i>\t\t\t\t\t\t\t\t<\/div>\n\t\t\t\t\t\t\t\t<p>Nuestros Valores<\/p>\n\t\t\t\t\t\t\t\t<h3><a href=\"#\">Puntualidad<\/a><\/h3>\n\t\t\t\t\t\t\t<\/div>\n\t\t\t\t\t\t<\/div>\n\t\t\t\t\t<\/div>\n\t\t\t\t<\/div>\n\t\t\t\t\t<\/div>\n\t\t<\/div>\n\t<\/div>\n<\/section>\n\t\t\t\t\t\t<\/div>\n\t\t\t\t<\/div>\n\t\t\t\t<div class=\"elementor-element elementor-element-07e4746 elementor-widget elementor-widget-why_choose_three\" data-id=\"07e4746\" data-element_type=\"widget\" data-widget_type=\"why_choose_three.default\">\n\t\t\t\t<div class=\"elementor-widget-container\">\n\t\t\t\t\t \n\n\t\t\n\t\t<!-- chooseus-style-three -->\n\t\t<section class=\"chooseus-style-three bg-color-2\">\n\t\t\t<div class=\"auto-container\">\n\t\t\t\t\t\t\t<div class=\"sec-title\">\n\t\t\t\t\t<h6><i class=\"flaticon-roof\"><\/i>POR QU\u00c9 ELEGIRNOS<\/h6>\n\t\t\t\t\t<h2>Razones <span>para elegirnos<\/span><\/h2>\n\t\t\t\t<\/div>\n\t\t\t\t\t\t\t<div class=\"three-item-carousel owl-carousel owl-theme owl-dots-none \">\n\t\t\t\t\t\t\t\t \n\t\t\t\t\t<div class=\"single-item\">\n\t\t\t\t\t\t<div class=\"inner-box\">\n\t\t\t\t\t\t\t<span class=\"count-box\">01<\/span>\n\t\t\t\t\t\t\t<figure class=\"icon-box\"><img decoding=\"async\" src=\"https:\/\/vigomezcomercializadora.com\/home\/wp-content\/uploads\/2020\/06\/icon-1.png\" title=\"icon-1\" alt=\"icon-1\" loading=\"lazy\" \/><\/figure>\n\t\t\t\t\t\t\t<h3>Productos de Calidad<\/h3>\n\t\t\t\t\t\t\t<div class=\"line\" style=\"background-image: url(https:\/\/vigomezcomercializadora.com\/home\/wp-content\/plugins\/shelder-core\/assets\/images\/icons\/line-4.png);\"><\/div>\n\t\t\t\t\t\t\t<p>Los productos que manejamos cumplen con altos est\u00e1ndares de calidad para  exportaci\u00f3n.<\/p>\n\t\t\t\t\t\t\t<a href=\"#\">Leer M\u00e1s..<i class=\"flaticon-login\"><\/i><\/a>\n\t\t\t\t\t\t<\/div>\n\t\t\t\t\t<\/div>\n\t\t\t\t\t\t\t\t \n\t\t\t\t\t<div class=\"single-item\">\n\t\t\t\t\t\t<div class=\"inner-box\">\n\t\t\t\t\t\t\t<span class=\"count-box\">02<\/span>\n\t\t\t\t\t\t\t<figure class=\"icon-box\"><img decoding=\"async\" src=\"https:\/\/vigomezcomercializadora.com\/home\/wp-content\/uploads\/2020\/06\/icon-2.png\" title=\"icon-2\" alt=\"icon-2\" loading=\"lazy\" \/><\/figure>\n\t\t\t\t\t\t\t<h3>Empresa Acreditada<\/h3>\n\t\t\t\t\t\t\t<div class=\"line\" style=\"background-image: url(https:\/\/vigomezcomercializadora.com\/home\/wp-content\/plugins\/shelder-core\/assets\/images\/icons\/line-4.png);\"><\/div>\n\t\t\t\t\t\t\t<p>Nuestra marca comercial cuenta con la experiencia y el recorrido en los mercados internacionales.<\/p>\n\t\t\t\t\t\t\t<a href=\"#\">Leer M\u00e1s..<i class=\"flaticon-login\"><\/i><\/a>\n\t\t\t\t\t\t<\/div>\n\t\t\t\t\t<\/div>\n\t\t\t\t\t\t\t\t \n\t\t\t\t\t<div class=\"single-item\">\n\t\t\t\t\t\t<div class=\"inner-box\">\n\t\t\t\t\t\t\t<span class=\"count-box\">03<\/span>\n\t\t\t\t\t\t\t<figure class=\"icon-box\"><img decoding=\"async\" src=\"https:\/\/vigomezcomercializadora.com\/home\/wp-content\/uploads\/2020\/06\/icon-4.png\" title=\"icon-4\" alt=\"icon-4\" loading=\"lazy\" \/><\/figure>\n\t\t\t\t\t\t\t<h3>Garant\u00eda 100%<\/h3>\n\t\t\t\t\t\t\t<div class=\"line\" style=\"background-image: url(https:\/\/vigomezcomercializadora.com\/home\/wp-content\/plugins\/shelder-core\/assets\/images\/icons\/line-4.png);\"><\/div>\n\t\t\t\t\t\t\t<p>Cumplimos con la normatividad de origen en la exportaci\u00f3n de productos con calidad y satisfacci\u00f3n a nuestros clientes.<\/p>\n\t\t\t\t\t\t\t<a href=\"#\">Leer M\u00e1s..<i class=\"flaticon-login\"><\/i><\/a>\n\t\t\t\t\t\t<\/div>\n\t\t\t\t\t<\/div>\n\t\t\t\t \n\t\t\t\t<\/div>\n\t\t\t<\/div>\n\t\t<\/section>\n\t\t<!-- chooseus-style-three end -->\n\t\t\n\n\t\t\t\t\t\t<\/div>\n\t\t\t\t<\/div>\n\t\t\t\t\t<\/div>\n\t\t<\/div>\n\t\t\t\t\t<\/div>\n\t\t<\/section>\n\t\t\t\t<\/div>\n\t\t","protected":false},"excerpt":{"rendered":"","protected":false},"author":1,"featured_media":0,"parent":0,"menu_order":0,"comment_status":"closed","ping_status":"closed","template":"","meta":{"footnotes":""},"class_list":["post-337","page","type-page","status-publish","hentry"],"_links":{"self":[{"href":"https:\/\/vigomezcomercializadora.com\/home\/wp-json\/wp\/v2\/pages\/337","targetHints":{"allow":["GET"]}}],"collection":[{"href":"https:\/\/vigomezcomercializadora.com\/home\/wp-json\/wp\/v2\/pages"}],"about":[{"href":"https:\/\/vigomezcomercializadora.com\/home\/wp-json\/wp\/v2\/types\/page"}],"author":[{"embeddable":true,"href":"https:\/\/vigomezcomercializadora.com\/home\/wp-json\/wp\/v2\/users\/1"}],"replies":[{"embeddable":true,"href":"https:\/\/vigomezcomercializadora.com\/home\/wp-json\/wp\/v2\/comments?post=337"}],"version-history":[{"count":85,"href":"https:\/\/vigomezcomercializadora.com\/home\/wp-json\/wp\/v2\/pages\/337\/revisions"}],"predecessor-version":[{"id":3970,"href":"https:\/\/vigomezcomercializadora.com\/home\/wp-json\/wp\/v2\/pages\/337\/revisions\/3970"}],"wp:attachment":[{"href":"https:\/\/vigomezcomercializadora.com\/home\/wp-json\/wp\/v2\/media?parent=337"}],"curies":[{"name":"wp","href":"https:\/\/api.w.org\/{rel}","templated":true}]}}