{"id":341,"date":"2020-03-29T07:22:17","date_gmt":"2020-03-29T07:22:17","guid":{"rendered":"http:\/\/localhost\/?page_id=341"},"modified":"2025-12-17T00:23:02","modified_gmt":"2025-12-17T00:23:02","slug":"contactenos","status":"publish","type":"page","link":"https:\/\/vigomezcomercializadora.com\/home\/contactenos\/","title":{"rendered":"Cont\u00e1ctenos"},"content":{"rendered":"\t\t<div data-elementor-type=\"wp-page\" data-elementor-id=\"341\" class=\"elementor elementor-341\">\n\t\t\t\t\t\t<section class=\"elementor-section elementor-top-section elementor-element elementor-element-b7bb588 elementor-section-stretched elementor-section-full_width elementor-section-height-default elementor-section-height-default\" data-id=\"b7bb588\" data-element_type=\"section\" data-settings=\"{&quot;stretch_section&quot;:&quot;section-stretched&quot;}\">\n\t\t\t\t\t\t<div class=\"elementor-container elementor-column-gap-default\">\n\t\t\t\t\t<div class=\"elementor-column elementor-col-100 elementor-top-column elementor-element elementor-element-a8726f3\" data-id=\"a8726f3\" data-element_type=\"column\">\n\t\t\t<div class=\"elementor-widget-wrap\">\n\t\t\t\t\t\t\t<\/div>\n\t\t<\/div>\n\t\t\t\t\t<\/div>\n\t\t<\/section>\n\t\t\t\t<section class=\"elementor-section elementor-top-section elementor-element elementor-element-eb25754 elementor-section-stretched elementor-section-full_width elementor-section-height-default elementor-section-height-default\" data-id=\"eb25754\" data-element_type=\"section\" data-settings=\"{&quot;stretch_section&quot;:&quot;section-stretched&quot;}\">\n\t\t\t\t\t\t<div class=\"elementor-container elementor-column-gap-default\">\n\t\t\t\t\t<div class=\"elementor-column elementor-col-100 elementor-top-column elementor-element elementor-element-2d38ebe\" data-id=\"2d38ebe\" data-element_type=\"column\">\n\t\t\t<div class=\"elementor-widget-wrap elementor-element-populated\">\n\t\t\t\t\t\t<div class=\"elementor-element elementor-element-032df83 elementor-widget elementor-widget-contact_form\" data-id=\"032df83\" data-element_type=\"widget\" data-widget_type=\"contact_form.default\">\n\t\t\t\t<div class=\"elementor-widget-container\">\n\t\t\t\t\t\n\n\n\n\t\t<section class=\"contact-section\">\n\t<div class=\"auto-container\">\n\t\t<div class=\"row clearfix\">\n\t\t\t<div class=\"col-lg-6 col-md-6 col-sm-12 image-column\">\n\t\t\t\t<figure class=\"image-box wow slideInLeft animated animated\" data-wow-delay=\"00ms\"\n\t\t\t\t\tdata-wow-duration=\"1500ms\"><img decoding=\"async\" src=\"https:\/\/vigomezcomercializadora.com\/home\/wp-content\/uploads\/2021\/08\/contacto_1.jpg\" alt=\"\"><\/figure>\n\t\t\t<\/div>\n\t\t\t<div class=\"col-lg-6 col-md-6 col-sm-12 content-column\">\n\t\t\t\t<div id=\"content_block_seven\">\n\t\t\t\t\t<div class=\"content-box\">\n\t\t\t\t\t\t<div class=\"sec-title\">\n\t\t\t\t\t\t\t<h6><i class=\"flaticon-roof\"><\/i>Cont\u00e1ctenos<\/h6>\n\t\t\t\t\t\t\t<h2>Formulario <br \/><span>de Cont\u00e1ctenos<\/span><\/h2>\n\t\t\t\t\t\t<\/div>\n\t\t\t\n<div class=\"wpcf7 no-js\" id=\"wpcf7-f1996-o1\" lang=\"en-US\" dir=\"ltr\" data-wpcf7-id=\"1996\">\n<div class=\"screen-reader-response\"><p role=\"status\" aria-live=\"polite\" aria-atomic=\"true\"><\/p> <ul><\/ul><\/div>\n<form action=\"\/home\/wp-json\/wp\/v2\/pages\/341#wpcf7-f1996-o1\" method=\"post\" class=\"wpcf7-form init\" aria-label=\"Contact form\" novalidate=\"novalidate\" data-status=\"init\">\n<fieldset class=\"hidden-fields-container\"><input type=\"hidden\" name=\"_wpcf7\" value=\"1996\" \/><input type=\"hidden\" name=\"_wpcf7_version\" value=\"6.1.4\" \/><input type=\"hidden\" name=\"_wpcf7_locale\" value=\"en_US\" \/><input type=\"hidden\" name=\"_wpcf7_unit_tag\" value=\"wpcf7-f1996-o1\" \/><input type=\"hidden\" name=\"_wpcf7_container_post\" value=\"0\" \/><input type=\"hidden\" name=\"_wpcf7_posted_data_hash\" value=\"\" \/>\n<\/fieldset>\n<div class=\"default-form\">\n\t<div class=\"form-group\">\n\t\t<p><i class=\"far fa-user\"><\/i>Nombres*\n\t\t<\/p>\n\t\t<p><span class=\"wpcf7-form-control-wrap\" data-name=\"username\"><input size=\"40\" maxlength=\"400\" class=\"wpcf7-form-control wpcf7-text wpcf7-validates-as-required\" aria-required=\"true\" aria-invalid=\"false\" value=\"\" type=\"text\" name=\"username\" \/><\/span>\n\t\t<\/p>\n\t<\/div>\n\t<div class=\"form-group\">\n\t\t<p><i class=\"far fa-envelope\"><\/i>E-Mail*\n\t\t<\/p>\n\t\t<p><span class=\"wpcf7-form-control-wrap\" data-name=\"your-email\"><input size=\"40\" maxlength=\"400\" class=\"wpcf7-form-control wpcf7-email wpcf7-validates-as-required wpcf7-text wpcf7-validates-as-email\" aria-required=\"true\" aria-invalid=\"false\" value=\"\" type=\"email\" name=\"your-email\" \/><\/span>\n\t\t<\/p>\n\t<\/div>\n\t<div class=\"form-group\">\n\t\t<p><i class=\"far fa-star\"><\/i>Asunto*\n\t\t<\/p>\n\t\t<p><span class=\"wpcf7-form-control-wrap\" data-name=\"your-subject\"><input size=\"40\" maxlength=\"400\" class=\"wpcf7-form-control wpcf7-text wpcf7-validates-as-required\" aria-required=\"true\" aria-invalid=\"false\" value=\"\" type=\"text\" name=\"your-subject\" \/><\/span>\n\t\t<\/p>\n\t<\/div>\n\t<div class=\"form-group\">\n\t\t<p><i class=\"far fa-comment-dots\"><\/i>Mensaje\n\t\t<\/p>\n\t\t<p><span class=\"wpcf7-form-control-wrap\" data-name=\"your-message\"><textarea cols=\"40\" rows=\"10\" maxlength=\"2000\" class=\"wpcf7-form-control wpcf7-textarea\" aria-invalid=\"false\" name=\"your-message\"><\/textarea><\/span>\n\t\t<\/p>\n\t<\/div>\n\t<div class=\"form-group message-btn\">\n\t\t<p><button class=\"theme-btn style-one wpcf7-form-control wpcf7-submit\" type=\"submit\" name=\"submit-form\">Enviar Mensaje<i class=\"flaticon-login\"><\/i><\/button>\n\t\t<\/p>\n\t<\/div>\n<\/div><div class=\"wpcf7-response-output\" aria-hidden=\"true\"><\/div>\n<\/form>\n<\/div>\n\n\t\t\t\t\t<\/div>\n\t\t\t\t<\/div>\n\t\t\t<\/div>\n\t\t<\/div>\n\t<\/div>\n<\/section>\n\t\t\n\t\t\t\t\t\t<\/div>\n\t\t\t\t<\/div>\n\t\t\t\t<div class=\"elementor-element elementor-element-2b985bd elementor-widget elementor-widget-shelder_contact_list\" data-id=\"2b985bd\" data-element_type=\"widget\" data-widget_type=\"shelder_contact_list.default\">\n\t\t\t\t<div class=\"elementor-widget-container\">\n\t\t\t\t\t<section class=\"contactinfo-section\">\n\t<div class=\"auto-container\">\n\t\t<div class=\"row clearfix\">\n\t\t\n\t\t\t<div class=\"col-lg-4 col-md-6 col-sm-12 column\">\n\t\t\t\t<div class=\"single-item\">\n\t\t\t\t\t<h3>Nuestra Direcci\u00f3n<\/h3>\n\t\t\t\t\t<div class=\"inner\">\n\t\t\t\t\t\t<div class=\"icon-box\">\n\t\t\t<i aria-hidden=\"true\" class=\" flaticon-pin\"><\/i>\t\t\t\t\t\t<\/div>\n\t\t\t\t\t\t<p><strong>Valle del Cauca - Colombia <br \/><\/strong>La Uni\u00f3n valle  KM1 - V\u00eda la Victoria<\/p>\n\t\t\t\t\t<\/div>\n\t\t\t\t<\/div>\n\t\t\t<\/div>\n\t\t\n\t\t\t<div class=\"col-lg-4 col-md-6 col-sm-12 column\">\n\t\t\t\t<div class=\"single-item\">\n\t\t\t\t\t<h3>Servicio al Cliente<\/h3>\n\t\t\t\t\t<div class=\"inner\">\n\t\t\t\t\t\t<div class=\"icon-box\">\n\t\t\t<i aria-hidden=\"true\" class=\" flaticon-clock\"><\/i>\t\t\t\t\t\t<\/div>\n\t\t\t\t\t\t<p><strong>+(57) 301 650 5293 <br \/><\/strong>Lun - Sab: 9am a 5pm<\/p>\n\t\t\t\t\t<\/div>\n\t\t\t\t<\/div>\n\t\t\t<\/div>\n\t\t\n\t\t\t<div class=\"col-lg-4 col-md-6 col-sm-12 column\">\n\t\t\t\t<div class=\"single-item\">\n\t\t\t\t\t<h3>Correo Electr\u00f3nico<\/h3>\n\t\t\t\t\t<div class=\"inner\">\n\t\t\t\t\t\t<div class=\"icon-box\">\n\t\t\t<i aria-hidden=\"true\" class=\" flaticon-mail\"><\/i>\t\t\t\t\t\t<\/div>\n\t\t\t\t\t\t<p><strong>info@vigomezcomercializadora.com <br \/><\/strong>www.vigomezcomercializadora.com<\/p>\n\t\t\t\t\t<\/div>\n\t\t\t\t<\/div>\n\t\t\t<\/div>\n\t\t\t\t<\/div>\n\t<\/div>\n<\/section>\n\t\t\t\t\t\t<\/div>\n\t\t\t\t<\/div>\n\t\t\t\t\t<\/div>\n\t\t<\/div>\n\t\t\t\t\t<\/div>\n\t\t<\/section>\n\t\t\t\t<section class=\"elementor-section elementor-top-section elementor-element elementor-element-f09d8e2 elementor-section-stretched elementor-section-boxed elementor-section-height-default elementor-section-height-default\" data-id=\"f09d8e2\" data-element_type=\"section\" data-settings=\"{&quot;stretch_section&quot;:&quot;section-stretched&quot;}\">\n\t\t\t\t\t\t<div class=\"elementor-container elementor-column-gap-default\">\n\t\t\t\t\t<div class=\"elementor-column elementor-col-100 elementor-top-column elementor-element elementor-element-d04226e\" data-id=\"d04226e\" data-element_type=\"column\">\n\t\t\t<div class=\"elementor-widget-wrap elementor-element-populated\">\n\t\t\t\t\t\t<div class=\"elementor-element elementor-element-6d4cfc9 elementor-widget elementor-widget-google_maps\" data-id=\"6d4cfc9\" data-element_type=\"widget\" data-widget_type=\"google_maps.default\">\n\t\t\t\t<div class=\"elementor-widget-container\">\n\t\t\t\t\t\t\t<div class=\"elementor-custom-embed\">\n\t\t\t<iframe loading=\"lazy\"\n\t\t\t\t\tsrc=\"https:\/\/maps.google.com\/maps?q=La%20Uni%C3%B3n%20Valle%20&#038;t=m&#038;z=11&#038;output=embed&#038;iwloc=near\"\n\t\t\t\t\ttitle=\"La Uni\u00f3n Valle \"\n\t\t\t\t\taria-label=\"La Uni\u00f3n Valle \"\n\t\t\t><\/iframe>\n\t\t<\/div>\n\t\t\t\t\t\t<\/div>\n\t\t\t\t<\/div>\n\t\t\t\t\t<\/div>\n\t\t<\/div>\n\t\t\t\t\t<\/div>\n\t\t<\/section>\n\t\t\t\t<section class=\"elementor-section elementor-top-section elementor-element elementor-element-a46bb3d google-map-section style-two elementor-section-stretched elementor-section-boxed elementor-section-height-default elementor-section-height-default\" data-id=\"a46bb3d\" data-element_type=\"section\" data-settings=\"{&quot;stretch_section&quot;:&quot;section-stretched&quot;}\">\n\t\t\t\t\t\t<div class=\"elementor-container elementor-column-gap-default\">\n\t\t\t\t\t<div class=\"elementor-column elementor-col-100 elementor-top-column elementor-element elementor-element-277485a\" data-id=\"277485a\" data-element_type=\"column\">\n\t\t\t<div class=\"elementor-widget-wrap elementor-element-populated\">\n\t\t\t\t\t\t<div class=\"elementor-element elementor-element-9929ec6 elementor-widget elementor-widget-shelder_social_link\" data-id=\"9929ec6\" data-element_type=\"widget\" data-widget_type=\"shelder_social_link.default\">\n\t\t\t\t<div class=\"elementor-widget-container\">\n\t\t\t\t\t \n<div class=\"social-inner\">\n\t<ul class=\"social-links clearfix\">\n\t\t\t\t \n\t<li>\n\t<div class=\"icon-box\">\n\t\t<a href=\"https:\/\/www.facebook.com\/vigomezcomercializadora\"><i aria-hidden=\"true\" class=\"fab fa-facebook-f\"><\/i>Facebook<\/a>\n\t<\/div>\n\t<\/li> \n\t\t\t \n\t<li>\n\t<div class=\"icon-box\">\n\t\t<a href=\"https:\/\/twitter.com\/SasVigomez\"><i aria-hidden=\"true\" class=\"fab fa-twitter\"><\/i>Twitter<\/a>\n\t<\/div>\n\t<\/li> \n\t\t\t \n\t<li>\n\t<div class=\"icon-box\">\n\t\t<a href=\"https:\/\/www.instagram.com\/vigomezcomercializadora\/\"><i aria-hidden=\"true\" class=\"fab fa-instagram\"><\/i>Instagram<\/a>\n\t<\/div>\n\t<\/li> \n\t\t\t \n\t<li>\n\t<div class=\"icon-box\">\n\t\t<a href=\"#\"><i aria-hidden=\"true\" class=\"fab fa-linkedin-in\"><\/i>Linkedin<\/a>\n\t<\/div>\n\t<\/li> \n\t \n\t<\/ul>\n<\/div> \n\t\t\t\t\t\t<\/div>\n\t\t\t\t<\/div>\n\t\t\t\t\t<\/div>\n\t\t<\/div>\n\t\t\t\t\t<\/div>\n\t\t<\/section>\n\t\t\t\t<\/div>\n\t\t","protected":false},"excerpt":{"rendered":"<p>Cont\u00e1ctenos Formulario de Cont\u00e1ctenos Nombres* E-Mail* Asunto* Mensaje Enviar Mensaje Nuestra Direcci\u00f3n Valle del Cauca &#8211; Colombia La Uni\u00f3n valle KM1 &#8211; V\u00eda la Victoria Servicio al Cliente +(57) 301 650 5293 Lun &#8211; Sab: 9am a 5pm Correo Electr\u00f3nico info@vigomezcomercializadora.com www.vigomezcomercializadora.com Facebook Twitter Instagram Linkedin<\/p>\n","protected":false},"author":1,"featured_media":0,"parent":0,"menu_order":0,"comment_status":"closed","ping_status":"closed","template":"","meta":{"footnotes":""},"class_list":["post-341","page","type-page","status-publish","hentry"],"_links":{"self":[{"href":"https:\/\/vigomezcomercializadora.com\/home\/wp-json\/wp\/v2\/pages\/341","targetHints":{"allow":["GET"]}}],"collection":[{"href":"https:\/\/vigomezcomercializadora.com\/home\/wp-json\/wp\/v2\/pages"}],"about":[{"href":"https:\/\/vigomezcomercializadora.com\/home\/wp-json\/wp\/v2\/types\/page"}],"author":[{"embeddable":true,"href":"https:\/\/vigomezcomercializadora.com\/home\/wp-json\/wp\/v2\/users\/1"}],"replies":[{"embeddable":true,"href":"https:\/\/vigomezcomercializadora.com\/home\/wp-json\/wp\/v2\/comments?post=341"}],"version-history":[{"count":59,"href":"https:\/\/vigomezcomercializadora.com\/home\/wp-json\/wp\/v2\/pages\/341\/revisions"}],"predecessor-version":[{"id":3948,"href":"https:\/\/vigomezcomercializadora.com\/home\/wp-json\/wp\/v2\/pages\/341\/revisions\/3948"}],"wp:attachment":[{"href":"https:\/\/vigomezcomercializadora.com\/home\/wp-json\/wp\/v2\/media?parent=341"}],"curies":[{"name":"wp","href":"https:\/\/api.w.org\/{rel}","templated":true}]}}